{"id":84,"date":"2023-02-24T19:34:44","date_gmt":"2023-02-24T18:34:44","guid":{"rendered":"http:\/\/www.csehviktoria.hu\/?page_id=84"},"modified":"2026-01-07T22:27:19","modified_gmt":"2026-01-07T21:27:19","slug":"contact","status":"publish","type":"page","link":"http:\/\/www.csehviktoria.hu\/index.php\/contact\/","title":{"rendered":"Kontakt"},"content":{"rendered":"\t\t<div data-elementor-type=\"wp-page\" data-elementor-id=\"84\" class=\"elementor elementor-84\">\n\t\t\t\t\t\t<section class=\"elementor-section elementor-top-section elementor-element elementor-element-52e80a3 elementor-section-boxed elementor-section-height-default elementor-section-height-default\" data-id=\"52e80a3\" data-element_type=\"section\" data-e-type=\"section\">\n\t\t\t\t\t\t<div class=\"elementor-container elementor-column-gap-default\">\n\t\t\t\t\t<div class=\"elementor-column elementor-col-25 elementor-top-column elementor-element elementor-element-04996f8\" data-id=\"04996f8\" data-element_type=\"column\" data-e-type=\"column\">\n\t\t\t<div class=\"elementor-widget-wrap\">\n\t\t\t\t\t\t\t<\/div>\n\t\t<\/div>\n\t\t\t\t<div class=\"elementor-column elementor-col-25 elementor-top-column elementor-element elementor-element-bfbd1a9\" data-id=\"bfbd1a9\" data-element_type=\"column\" data-e-type=\"column\">\n\t\t\t<div class=\"elementor-widget-wrap elementor-element-populated\">\n\t\t\t\t\t\t<div class=\"elementor-element elementor-element-db0d7f1 elementor-widget elementor-widget-text-editor\" data-id=\"db0d7f1\" data-element_type=\"widget\" data-e-type=\"widget\" data-widget_type=\"text-editor.default\">\n\t\t\t\t<div class=\"elementor-widget-container\">\n\t\t\t\t\t\t\t\t\t<p>Ha \u00fagy gondolj\u00e1tok, passzol a st\u00edlusunk, \u00edrjatok egy \u00fczenetet a lenti \u0171rlap seg\u00edts\u00e9g\u00e9vel, vagy nyugodtan keressetek Inst\u00e1n vagy Messengeren.<\/p>\t\t\t\t\t\t\t\t<\/div>\n\t\t\t\t<\/div>\n\t\t\t\t<div class=\"elementor-element elementor-element-7beaf09 elementor-align-center elementor-widget elementor-widget-button\" data-id=\"7beaf09\" data-element_type=\"widget\" data-e-type=\"widget\" data-widget_type=\"button.default\">\n\t\t\t\t<div class=\"elementor-widget-container\">\n\t\t\t\t\t\t\t\t\t<div class=\"elementor-button-wrapper\">\n\t\t\t\t\t<a class=\"elementor-button elementor-button-link elementor-size-sm\" href=\"https:\/\/m.me\/Viktoria.Cseh.Photography\">\n\t\t\t\t\t\t<span class=\"elementor-button-content-wrapper\">\n\t\t\t\t\t\t\t\t\t<span class=\"elementor-button-text\">\u00cdrjatok Messengeren<\/span>\n\t\t\t\t\t<\/span>\n\t\t\t\t\t<\/a>\n\t\t\t\t<\/div>\n\t\t\t\t\t\t\t\t<\/div>\n\t\t\t\t<\/div>\n\t\t\t\t<div class=\"elementor-element elementor-element-e9bffd3 elementor-align-center elementor-widget elementor-widget-button\" data-id=\"e9bffd3\" data-element_type=\"widget\" data-e-type=\"widget\" data-widget_type=\"button.default\">\n\t\t\t\t<div class=\"elementor-widget-container\">\n\t\t\t\t\t\t\t\t\t<div class=\"elementor-button-wrapper\">\n\t\t\t\t\t<a class=\"elementor-button elementor-button-link elementor-size-sm\" href=\"https:\/\/www.instagram.com\/viktoria_cseh_photography\/\">\n\t\t\t\t\t\t<span class=\"elementor-button-content-wrapper\">\n\t\t\t\t\t\t\t\t\t<span class=\"elementor-button-text\">\u00cdrjatok Instagramon<\/span>\n\t\t\t\t\t<\/span>\n\t\t\t\t\t<\/a>\n\t\t\t\t<\/div>\n\t\t\t\t\t\t\t\t<\/div>\n\t\t\t\t<\/div>\n\t\t\t\t\t<\/div>\n\t\t<\/div>\n\t\t\t\t<div class=\"elementor-column elementor-col-25 elementor-top-column elementor-element elementor-element-e5a20b2\" data-id=\"e5a20b2\" data-element_type=\"column\" data-e-type=\"column\">\n\t\t\t<div class=\"elementor-widget-wrap elementor-element-populated\">\n\t\t\t\t\t\t<div class=\"elementor-element elementor-element-f13cbba elementor-widget elementor-widget-image\" data-id=\"f13cbba\" data-element_type=\"widget\" data-e-type=\"widget\" data-widget_type=\"image.default\">\n\t\t\t\t<div class=\"elementor-widget-container\">\n\t\t\t\t\t\t\t\t\t\t\t\t\t\t\t<img fetchpriority=\"high\" decoding=\"async\" width=\"683\" height=\"1024\" src=\"http:\/\/www.csehviktoria.hu\/wp-content\/uploads\/2025\/07\/2Y7A0126-683x1024.jpg\" class=\"attachment-large size-large wp-image-1109\" alt=\"\" srcset=\"http:\/\/www.csehviktoria.hu\/wp-content\/uploads\/2025\/07\/2Y7A0126-683x1024.jpg 683w, http:\/\/www.csehviktoria.hu\/wp-content\/uploads\/2025\/07\/2Y7A0126-200x300.jpg 200w, http:\/\/www.csehviktoria.hu\/wp-content\/uploads\/2025\/07\/2Y7A0126-768x1152.jpg 768w, http:\/\/www.csehviktoria.hu\/wp-content\/uploads\/2025\/07\/2Y7A0126-1024x1536.jpg 1024w, http:\/\/www.csehviktoria.hu\/wp-content\/uploads\/2025\/07\/2Y7A0126-500x750.jpg 500w, http:\/\/www.csehviktoria.hu\/wp-content\/uploads\/2025\/07\/2Y7A0126-800x1200.jpg 800w, http:\/\/www.csehviktoria.hu\/wp-content\/uploads\/2025\/07\/2Y7A0126-1280x1920.jpg 1280w, http:\/\/www.csehviktoria.hu\/wp-content\/uploads\/2025\/07\/2Y7A0126.jpg 1365w\" sizes=\"(max-width: 683px) 100vw, 683px\" \/>\t\t\t\t\t\t\t\t\t\t\t\t\t\t\t<\/div>\n\t\t\t\t<\/div>\n\t\t\t\t\t<\/div>\n\t\t<\/div>\n\t\t\t\t<div class=\"elementor-column elementor-col-25 elementor-top-column elementor-element elementor-element-2dbf529\" data-id=\"2dbf529\" data-element_type=\"column\" data-e-type=\"column\">\n\t\t\t<div class=\"elementor-widget-wrap\">\n\t\t\t\t\t\t\t<\/div>\n\t\t<\/div>\n\t\t\t\t\t<\/div>\n\t\t<\/section>\n\t\t\t\t<section class=\"elementor-section elementor-top-section elementor-element elementor-element-eb07706 elementor-section-boxed elementor-section-height-default elementor-section-height-default\" data-id=\"eb07706\" data-element_type=\"section\" data-e-type=\"section\">\n\t\t\t\t\t\t<div class=\"elementor-container elementor-column-gap-default\">\n\t\t\t\t\t<div class=\"elementor-column elementor-col-33 elementor-top-column elementor-element elementor-element-5042cf0\" data-id=\"5042cf0\" data-element_type=\"column\" data-e-type=\"column\">\n\t\t\t<div class=\"elementor-widget-wrap\">\n\t\t\t\t\t\t\t<\/div>\n\t\t<\/div>\n\t\t\t\t<div class=\"elementor-column elementor-col-33 elementor-top-column elementor-element elementor-element-bd07d24\" data-id=\"bd07d24\" data-element_type=\"column\" data-e-type=\"column\">\n\t\t\t<div class=\"elementor-widget-wrap\">\n\t\t\t\t\t\t\t<\/div>\n\t\t<\/div>\n\t\t\t\t<div class=\"elementor-column elementor-col-33 elementor-top-column elementor-element elementor-element-fea5e71\" data-id=\"fea5e71\" data-element_type=\"column\" data-e-type=\"column\">\n\t\t\t<div class=\"elementor-widget-wrap\">\n\t\t\t\t\t\t\t<\/div>\n\t\t<\/div>\n\t\t\t\t\t<\/div>\n\t\t<\/section>\n\t\t\t\t<section class=\"elementor-section elementor-top-section elementor-element elementor-element-b864448 elementor-section-boxed elementor-section-height-default elementor-section-height-default\" data-id=\"b864448\" data-element_type=\"section\" data-e-type=\"section\">\n\t\t\t\t\t\t<div class=\"elementor-container elementor-column-gap-default\">\n\t\t\t\t\t<div class=\"elementor-column elementor-col-33 elementor-top-column elementor-element elementor-element-8dff5bf\" data-id=\"8dff5bf\" data-element_type=\"column\" data-e-type=\"column\">\n\t\t\t<div class=\"elementor-widget-wrap\">\n\t\t\t\t\t\t\t<\/div>\n\t\t<\/div>\n\t\t\t\t<div class=\"elementor-column elementor-col-33 elementor-top-column elementor-element elementor-element-298474e\" data-id=\"298474e\" data-element_type=\"column\" data-e-type=\"column\">\n\t\t\t<div class=\"elementor-widget-wrap elementor-element-populated\">\n\t\t\t\t\t\t<div class=\"elementor-element elementor-element-b9e8acd elementor-widget elementor-widget-shortcode\" data-id=\"b9e8acd\" data-element_type=\"widget\" data-e-type=\"widget\" data-widget_type=\"shortcode.default\">\n\t\t\t\t<div class=\"elementor-widget-container\">\n\t\t\t\t\t\t\t<div class=\"elementor-shortcode\"><div class='formcraftbasic-css align-center'><form ondrop=\"drop(event)\" ondragover=\"allowDrop(event)\" dnd-list=\"Builder.FormElements\" data-id=\"2\" class=\"fcb_form align- frame-hidden\" style=\"width: 500px; background-color: ; color: #666666; font-size: 100%\"><!-- ngRepeat: element in Builder.FormElements --><div ng-class-odd=\"'odd'\" ng-class=\"[&quot;form-element&quot;, &quot;form-element-&quot;+element.elementDefaults.identifier, &quot;options-&quot;+element.show_options, &quot;index-&quot;+element.show_options]\" ng-class-even=\"'even'\" ng-repeat=\"element in Builder.FormElements\" index=\"0\" style=\"width: 100%\" class=\"ng-scope odd form-element form-element-field2 options-false index-false\"><span class=\"error\"><\/span><div ng-click=\"element.show_options = !element.show_options\" class=\"form-element-html\" compile=\"element.element\"><div compile=\"fieldHTMLTemplate.oneLineText\" class=\"ng-scope\"><div class=\"oneLineText-cover field-cover ng-scope\"><span class=\"ng-binding\">N\u00e9v:<\/span><div ng-click=\"$event.stopPropagation()\"><input type=\"text\" name=\"field2\" data-min-char=\"\" data-max-char=\"\" data-val-type=\"\" data-is-required=\"true\" data-allow-spaces=\"false\" class=\"validation-lenient\" wfd-id=\"id4\"><\/div><\/div><\/div><\/div><\/div><!-- end ngRepeat: element in Builder.FormElements --><div ng-class-odd=\"'odd'\" ng-class=\"[&quot;form-element&quot;, &quot;form-element-&quot;+element.elementDefaults.identifier, &quot;options-&quot;+element.show_options, &quot;index-&quot;+element.show_options]\" ng-class-even=\"'even'\" ng-repeat=\"element in Builder.FormElements\" index=\"1\" style=\"width: 100%\" class=\"ng-scope even form-element form-element-field4 options-false index-false\"><span class=\"error\"><\/span><div ng-click=\"element.show_options = !element.show_options\" class=\"form-element-html\" compile=\"element.element\"><div compile=\"fieldHTMLTemplate.email\" class=\"ng-scope\"><div class=\"email-cover field-cover ng-scope\"><span class=\"ng-binding\">E-mail<\/span><div ng-click=\"$event.stopPropagation()\"><input type=\"text\" data-val-type=\"email\" data-is-required=\"false\" name=\"field4\" class=\"validation-lenient\" wfd-id=\"id11\"><\/div><\/div><\/div><\/div><\/div><!-- end ngRepeat: element in Builder.FormElements --><div ng-class-odd=\"'odd'\" ng-class=\"[&quot;form-element&quot;, &quot;form-element-&quot;+element.elementDefaults.identifier, &quot;options-&quot;+element.show_options, &quot;index-&quot;+element.show_options]\" ng-class-even=\"'even'\" ng-repeat=\"element in Builder.FormElements\" index=\"2\" style=\"width: 100%\" class=\"ng-scope odd form-element form-element-field5 options-false index-false\"><span class=\"error\"><\/span><div ng-click=\"element.show_options = !element.show_options\" class=\"form-element-html\" compile=\"element.element\"><div compile=\"fieldHTMLTemplate.textarea\" class=\"ng-scope\"><div class=\"textarea-cover field-cover ng-scope\"><span class=\"ng-binding\">\u00dczenet<\/span><div ng-click=\"$event.stopPropagation()\"><textarea class=\"validation-lenient\" name=\"field5\" value=\"\" rows=\"10\" data-min-char=\"\" data-max-char=\"\" data-is-required=\"true\"><\/textarea><\/div><\/div><\/div><\/div><\/div><!-- end ngRepeat: element in Builder.FormElements --><div ng-class-odd=\"'odd'\" ng-class=\"[&quot;form-element&quot;, &quot;form-element-&quot;+element.elementDefaults.identifier, &quot;options-&quot;+element.show_options, &quot;index-&quot;+element.show_options]\" ng-class-even=\"'even'\" ng-repeat=\"element in Builder.FormElements\" index=\"3\" style=\"width: 100%\" class=\"ng-scope even form-element form-element-field7 options-false index-false\"><span class=\"error\"><\/span><div ng-click=\"element.show_options = !element.show_options\" class=\"form-element-html\" compile=\"element.element\"><div compile=\"fieldHTMLTemplate.submit\" class=\"ng-scope\"><div class=\"wide-true submit-cover field-cover\" style=\"text-align: right\"><button style=\"background-color: #eeeeee; color: #666666\" type=\"submit\" class=\"button submit-button\"><span class=\"text ng-binding\">\u00dczenet k\u00fcld\u00e9se<\/span><span class=\"spin-cover\" style=\"border-color: #666666\"><\/span><\/button><\/div><div class=\"submit-response ng-scope\"><\/div><input type=\"text\" class=\"required_field ng-scope\" name=\"website\" wfd-id=\"id21\"><\/div><\/div><\/div><!-- end ngRepeat: element in Builder.FormElements --><\/form><\/div><\/div>\n\t\t\t\t\t\t<\/div>\n\t\t\t\t<\/div>\n\t\t\t\t\t<\/div>\n\t\t<\/div>\n\t\t\t\t<div class=\"elementor-column elementor-col-33 elementor-top-column elementor-element elementor-element-39f5711\" data-id=\"39f5711\" data-element_type=\"column\" data-e-type=\"column\">\n\t\t\t<div class=\"elementor-widget-wrap\">\n\t\t\t\t\t\t\t<\/div>\n\t\t<\/div>\n\t\t\t\t\t<\/div>\n\t\t<\/section>\n\t\t\t\t<\/div>\n\t\t","protected":false},"excerpt":{"rendered":"<p>Ha \u00fagy gondolj\u00e1tok, passzol a st\u00edlusunk, \u00edrjatok egy \u00fczenetet a lenti \u0171rlap seg\u00edts\u00e9g\u00e9vel, vagy nyugodtan keressetek Inst\u00e1n vagy Messengeren. \u00cdrjatok Messengeren \u00cdrjatok Instagramon<\/p>\n","protected":false},"author":1,"featured_media":0,"parent":0,"menu_order":0,"comment_status":"closed","ping_status":"closed","template":"","meta":{"_vp_format_video_url":"","_vp_image_focal_point":[],"footnotes":""},"class_list":["post-84","page","type-page","status-publish","hentry"],"_links":{"self":[{"href":"http:\/\/www.csehviktoria.hu\/index.php\/wp-json\/wp\/v2\/pages\/84","targetHints":{"allow":["GET"]}}],"collection":[{"href":"http:\/\/www.csehviktoria.hu\/index.php\/wp-json\/wp\/v2\/pages"}],"about":[{"href":"http:\/\/www.csehviktoria.hu\/index.php\/wp-json\/wp\/v2\/types\/page"}],"author":[{"embeddable":true,"href":"http:\/\/www.csehviktoria.hu\/index.php\/wp-json\/wp\/v2\/users\/1"}],"replies":[{"embeddable":true,"href":"http:\/\/www.csehviktoria.hu\/index.php\/wp-json\/wp\/v2\/comments?post=84"}],"version-history":[{"count":173,"href":"http:\/\/www.csehviktoria.hu\/index.php\/wp-json\/wp\/v2\/pages\/84\/revisions"}],"predecessor-version":[{"id":1204,"href":"http:\/\/www.csehviktoria.hu\/index.php\/wp-json\/wp\/v2\/pages\/84\/revisions\/1204"}],"wp:attachment":[{"href":"http:\/\/www.csehviktoria.hu\/index.php\/wp-json\/wp\/v2\/media?parent=84"}],"curies":[{"name":"wp","href":"https:\/\/api.w.org\/{rel}","templated":true}]}}